{"id":994,"date":"2023-08-01T09:08:44","date_gmt":"2023-08-01T09:08:44","guid":{"rendered":"https:\/\/icon-spirits.com\/iconpartner\/?post_type=product&#038;p=994"},"modified":"2024-09-09T11:29:34","modified_gmt":"2024-09-09T11:29:34","slug":"escapada-5-dias","status":"publish","type":"product","link":"https:\/\/icon-spirits.com\/iconpartner\/producto\/escapada-5-dias\/","title":{"rendered":"Escapada 5 d\u00edas"},"content":{"rendered":"<ul class=\"a-unordered-list a-vertical a-spacing-mini\">\n<li class=\"a-spacing-mini\"><span class=\"a-list-item\">\u00a1Regala un viaje! Una escapada de 5 d\u00edas para 2 personas en hoteles de hasta 4 estrellas, mas\u00edas y mucho m\u00e1s. \u00a1Una incre\u00edble selecci\u00f3n de 610 estancias!<\/span><\/li>\n<li class=\"a-spacing-mini\"><span class=\"a-list-item\">F\u00c1CIL DE DISFRUTAR &#8211; Smartbox ha desarrollado una serie de servicios exclusivos para que usar tu caja regalo sea muy f\u00e1cil, ya sea desde el sitio web Smartbox.com o mediante la App de Smartbox. 1. Descubre la lista actualizada de establecimientos asociados. 2. Utiliza los distintos filtros de selecci\u00f3n para elegir tu experiencia. 3. Consulta la disponibilidad de los establecimientos y reserva tu estancia en l\u00ednea.<\/span><\/li>\n<li class=\"a-spacing-mini\"><span class=\"a-list-item\">\u00bfQU\u00c9 SON LAS CAJAS REGALO DE SMARTBOX?Cada caja regalo brinda la oportunidad al que la recibe de elegir la experiencia que m\u00e1s le gusta de entre una amplia selecci\u00f3n de experiencias propuestas en cada caja. Es la alternativa perfecta a un regalo tradicional. Cajas regalo Smartbox: ideas de regalos para mujeres y hombres para todas las ocasiones. M\u00e1s de 80.000 actividades para cumplea\u00f1os, para \u00e9l y para ella.<\/span><\/li>\n<li class=\"a-spacing-mini\"><span class=\"a-list-item\">VALIDEZ Y OTROS DATOS ? Todas nuestras cajas pueden cambiarse en l\u00ednea de forma gratuita durante su periodo de validez. Las cajas regalo Smartbox tienen una validez de 2 a\u00f1os a partir de la fecha de compra.<\/span><\/li>\n<li class=\"a-spacing-mini\"><span class=\"a-list-item\">\u00bfPOR QU\u00c9 ELEGIR LA CAJA REGALO SMARTBOX? N\u00b01 EN CAJAS REGALO &#8211; LA SELECCI\u00d3N M\u00c1S AMPLIA &#8211; m\u00e1s de 80.000 experiencias &#8211; F\u00c1CIL DE DISFRUTAR &#8211; reserva online inmediata para estancias CON LA APP DE SMARTBOX \u00a1ES MUY F\u00c1CIL DISFRUTAR DE TU EXPERIENCIA! &#8211; descubre todas las experiencias, reserva inmediata para estancias, cambio gratuito<\/span><\/li>\n<\/ul>\n","protected":false},"excerpt":{"rendered":"<p>\u00a1Regala un viaje! Una escapada de 5 d\u00edas para 2 personas en hoteles de hasta 4 estrellas, mas\u00edas y mucho m\u00e1s. \u00a1Una incre\u00edble selecci\u00f3n de 610 estancias! F\u00c1CIL DE DISFRUTAR &#8211; Smartbox ha desarrollado una serie de servicios exclusivos para que usar tu caja regalo sea muy f\u00e1cil, ya sea desde el sitio web Smartbox.com&hellip; <a class=\"more-link\" href=\"https:\/\/icon-spirits.com\/iconpartner\/producto\/escapada-5-dias\/\">Seguir leyendo <span class=\"screen-reader-text\">Escapada 5 d\u00edas<\/span><\/a><\/p>\n","protected":false},"featured_media":996,"template":"","meta":[],"_links":{"self":[{"href":"https:\/\/icon-spirits.com\/iconpartner\/wp-json\/wp\/v2\/product\/994"}],"collection":[{"href":"https:\/\/icon-spirits.com\/iconpartner\/wp-json\/wp\/v2\/product"}],"about":[{"href":"https:\/\/icon-spirits.com\/iconpartner\/wp-json\/wp\/v2\/types\/product"}],"wp:featuredmedia":[{"embeddable":true,"href":"https:\/\/icon-spirits.com\/iconpartner\/wp-json\/wp\/v2\/media\/996"}],"wp:attachment":[{"href":"https:\/\/icon-spirits.com\/iconpartner\/wp-json\/wp\/v2\/media?parent=994"}],"curies":[{"name":"wp","href":"https:\/\/api.w.org\/{rel}","templated":true}]}}