{"id":992,"date":"2023-08-01T09:04:52","date_gmt":"2023-08-01T09:04:52","guid":{"rendered":"https:\/\/icon-spirits.com\/iconpartner\/?post_type=product&#038;p=992"},"modified":"2024-09-19T15:21:02","modified_gmt":"2024-09-19T15:21:02","slug":"samsung-crystal-uhd-43","status":"publish","type":"product","link":"https:\/\/icon-spirits.com\/iconpartner\/producto\/samsung-crystal-uhd-43\/","title":{"rendered":"Smsung Crystal UHD 43&#8243;"},"content":{"rendered":"<ul class=\"a-unordered-list a-vertical a-spacing-mini\">\n<li class=\"a-spacing-mini\"><span class=\"a-list-item\">Crystal UHD: capaz de reproducir con mayor pureza m\u00e1s de mil millones de colores<\/span><\/li>\n<li class=\"a-spacing-mini\"><span class=\"a-list-item\">Procesador crystal 4k: impresionante calidad de imagen, gracias a al procesador que optimiza el color y el alto rango din\u00e1mico (hdr)<\/span><\/li>\n<li class=\"a-spacing-mini\"><span class=\"a-list-item\">Hdr 10+: la tecnolog\u00eda hdr crea negros m\u00e1s profundos y potenc\u00eda el nivel de detalle de cada escena<\/span><\/li>\n<li class=\"a-spacing-mini\"><span class=\"a-list-item\">Compatible con asistentes de voz: accede a tu contenido favorito a trav\u00e9s de los asistentes de voz, como alexa<\/span><\/li>\n<li class=\"a-spacing-mini\"><span class=\"a-list-item\">Smart TV con Tizen y gu\u00eda universal: descubre una amplia plataforma de contenidos y accede f\u00e1cilmente a ellos de forma personalizada<\/span><\/li>\n<li class=\"a-spacing-mini\"><span class=\"a-list-item\">Funci\u00f3n One Remote: controla tus dispositivos conectados con tu mando y accede a los contenidos f\u00e1cilmente<\/span><\/li>\n<li class=\"a-spacing-mini\"><span class=\"a-list-item\">Tap View: toca tu televisor con tu smartphone y duplica su pantalla para verla en grande<\/span><\/li>\n<\/ul>\n<div class=\"a-row a-expander-container a-expander-inline-container\">\n<div class=\"a-expander-content a-expander-extend-content a-expander-content-expanded\" aria-expanded=\"true\">\n<ul class=\"a-unordered-list a-vertical a-spacing-none\">\n<li class=\"a-spacing-mini\"><span class=\"a-list-item\">Sonido inteligente: ajusta el sonido al detectar variaciones, adapt\u00e1ndose al tipo de escena gracias a la inteligencia<\/span><\/li>\n<li class=\"a-spacing-mini\"><span class=\"a-list-item\">Paquete con embalado gen\u00e9rico: Serie AU7095<\/span><\/li>\n<\/ul>\n<\/div>\n<\/div>\n","protected":false},"excerpt":{"rendered":"<ul class=\"a-unordered-list a-vertical a-spacing-mini\">\n<li class=\"a-spacing-mini\"><span class=\"a-list-item\">Crystal UHD: capaz de reproducir con mayor pureza m\u00e1s de mil millones de colores<\/span><\/li>\n<li class=\"a-spacing-mini\"><span class=\"a-list-item\">Procesador crystal 4k: impresionante calidad de imagen, gracias a al procesador que optimiza el color y el alto rango din\u00e1mico (hdr)<\/span><\/li>\n<li class=\"a-spacing-mini\"><span class=\"a-list-item\">Hdr 10+: la tecnolog\u00eda hdr crea negros m\u00e1s profundos y potenc\u00eda el nivel de detalle de cada escena<\/span><\/li>\n<li class=\"a-spacing-mini\"><span class=\"a-list-item\">Compatible con asistentes de voz: accede a tu contenido favorito a trav\u00e9s de los asistentes de voz, como alexa<\/span><\/li>\n<li class=\"a-spacing-mini\"><span class=\"a-list-item\">Smart TV con Tizen y gu\u00eda universal: descubre una amplia plataforma de contenidos y accede f\u00e1cilmente a ellos de forma personalizada<\/span><\/li>\n<li class=\"a-spacing-mini\"><span class=\"a-list-item\">Funci\u00f3n One Remote: controla tus dispositivos conectados con tu mando y accede a los contenidos f\u00e1cilmente<\/span><\/li>\n<li class=\"a-spacing-mini\"><span class=\"a-list-item\">Tap View: toca tu televisor con tu smartphone y duplica su pantalla para verla en grande<\/span><\/li>\n<\/ul>\n<div class=\"a-row a-expander-container a-expander-inline-container\">\n<div class=\"a-expander-content a-expander-extend-content a-expander-content-expanded\" aria-expanded=\"true\">\n<ul class=\"a-unordered-list a-vertical a-spacing-none\">\n<li class=\"a-spacing-mini\"><span class=\"a-list-item\">Sonido inteligente: ajusta el sonido al detectar variaciones, adapt\u00e1ndose al tipo de escena gracias a la inteligencia<\/span><\/li>\n<li class=\"a-spacing-mini\"><span class=\"a-list-item\">Paquete con embalado gen\u00e9rico: Serie AU7095<\/span><\/li>\n<\/ul>\n<\/div>\n<\/div>\n","protected":false},"featured_media":993,"template":"","meta":[],"_links":{"self":[{"href":"https:\/\/icon-spirits.com\/iconpartner\/wp-json\/wp\/v2\/product\/992"}],"collection":[{"href":"https:\/\/icon-spirits.com\/iconpartner\/wp-json\/wp\/v2\/product"}],"about":[{"href":"https:\/\/icon-spirits.com\/iconpartner\/wp-json\/wp\/v2\/types\/product"}],"wp:featuredmedia":[{"embeddable":true,"href":"https:\/\/icon-spirits.com\/iconpartner\/wp-json\/wp\/v2\/media\/993"}],"wp:attachment":[{"href":"https:\/\/icon-spirits.com\/iconpartner\/wp-json\/wp\/v2\/media?parent=992"}],"curies":[{"name":"wp","href":"https:\/\/api.w.org\/{rel}","templated":true}]}}