{"id":990,"date":"2023-08-01T09:00:14","date_gmt":"2023-08-01T09:00:14","guid":{"rendered":"https:\/\/icon-spirits.com\/iconpartner\/?post_type=product&#038;p=990"},"modified":"2023-08-01T09:00:15","modified_gmt":"2023-08-01T09:00:15","slug":"irobot-robot-aspirador-y-friegasuelos","status":"publish","type":"product","link":"https:\/\/icon-spirits.com\/iconpartner\/producto\/irobot-robot-aspirador-y-friegasuelos\/","title":{"rendered":"iRobot Robot Aspirador y friegasuelos"},"content":{"rendered":"<ul class=\"a-unordered-list a-vertical a-spacing-mini\">\n<li class=\"a-spacing-mini\"><span class=\"a-list-item\">iRobot tiene m\u00e1s de 30 a\u00f1os de experiencia en rob\u00f3tica e innovaci\u00f3n con m\u00e1s de 30 millones de robots para el hogar vendidos en todo el mundo. Tanto si eliges Roomba, Braava o ambos, tus suelos reciben el cuidado especializado que merecen.<\/span><\/li>\n<li class=\"a-spacing-mini\"><span class=\"a-list-item\"><b>Aspiraci\u00f3n potente\u00a0<\/b>&#8211; Aspira el polvo y la suciedad de suelos y alfombras gracias a su cepillo en forma de V y su potente aspiraci\u00f3n.<\/span><\/li>\n<li class=\"a-spacing-mini\"><span class=\"a-list-item\"><b>Suelos limpios cada d\u00eda\u00a0<\/b>&#8211; Su Sistema de fregado utiliza un pa\u00f1o de microfibra con una textura estriada especial. Personaliza tu limpieza con sus tres modos de fregado.<\/span><\/li>\n<li class=\"a-spacing-mini\"><span class=\"a-list-item\"><b>Limpia adapt\u00e1ndose a ti\u00a0<\/b>&#8211; Aprende tus h\u00e1bitos de limpieza y te sugiere horarios que se adaptan a ti Tambi\u00e9n te hace recomendaciones que t\u00fa no hubieras tenido en mente, como una limpieza extra durante la temporada de alergias<\/span><\/li>\n<li class=\"a-spacing-mini\"><span class=\"a-list-item\"><b>Limpia sin esfuerzo\u00a0<\/b>&#8211; Gracias a su compatibilidad con los Asistentes de Google y Alexa, el robot aspirador y friegasuelos Roomba Combo(TM) limpia tu hogar con solo escuchar tu voz.*Funciona con dispositivos habilitados para Google Home y AlexaAlexa y todos los logotipos relacionados son marcas comerciales de Amazon.com o sus afiliados. Google es una marca comercial de Google LLC<\/span><\/li>\n<\/ul>\n","protected":false},"excerpt":{"rendered":"<p>iRobot tiene m\u00e1s de 30 a\u00f1os de experiencia en rob\u00f3tica e innovaci\u00f3n con m\u00e1s de 30 millones de robots para el hogar vendidos en todo el mundo. Tanto si eliges Roomba, Braava o ambos, tus suelos reciben el cuidado especializado que merecen. Aspiraci\u00f3n potente\u00a0&#8211; Aspira el polvo y la suciedad de suelos y alfombras gracias&hellip; <a class=\"more-link\" href=\"https:\/\/icon-spirits.com\/iconpartner\/producto\/irobot-robot-aspirador-y-friegasuelos\/\">Seguir leyendo <span class=\"screen-reader-text\">iRobot Robot Aspirador y friegasuelos<\/span><\/a><\/p>\n","protected":false},"featured_media":991,"template":"","meta":[],"_links":{"self":[{"href":"https:\/\/icon-spirits.com\/iconpartner\/wp-json\/wp\/v2\/product\/990"}],"collection":[{"href":"https:\/\/icon-spirits.com\/iconpartner\/wp-json\/wp\/v2\/product"}],"about":[{"href":"https:\/\/icon-spirits.com\/iconpartner\/wp-json\/wp\/v2\/types\/product"}],"wp:featuredmedia":[{"embeddable":true,"href":"https:\/\/icon-spirits.com\/iconpartner\/wp-json\/wp\/v2\/media\/991"}],"wp:attachment":[{"href":"https:\/\/icon-spirits.com\/iconpartner\/wp-json\/wp\/v2\/media?parent=990"}],"curies":[{"name":"wp","href":"https:\/\/api.w.org\/{rel}","templated":true}]}}