{"id":931,"date":"2023-06-09T11:33:00","date_gmt":"2023-06-09T11:33:00","guid":{"rendered":"https:\/\/icon-spirits.com\/iconpartner\/?post_type=product&#038;p=931"},"modified":"2024-08-06T16:41:32","modified_gmt":"2024-08-06T16:41:32","slug":"camara-instantanea","status":"publish","type":"product","link":"https:\/\/icon-spirits.com\/iconpartner\/producto\/camara-instantanea\/","title":{"rendered":"C\u00e1mara Instant\u00e1nea"},"content":{"rendered":"","protected":false},"excerpt":{"rendered":"<ul class=\"a-unordered-list a-vertical a-spacing-mini\">\n<li><span class=\"a-list-item\">Lente para selfies integrada con espejo para selfies<\/span><\/li>\n<li><span class=\"a-list-item\">Flash autom\u00e1tico para tomas perfectas<\/span><\/li>\n<li><span class=\"a-list-item\">Mini pel\u00edcula Instax, tama\u00f1o de imagen 54 (ancho) x 86 (alto), tama\u00f1o de exposici\u00f3n 46 (ancho) x 62 (alto) mm<\/span><\/li>\n<li><span class=\"a-list-item\">C\u00e1mara Instax mini 11, correa de mano, manual de usuario y pilas AA x 2<\/span><\/li>\n<li><span class=\"a-list-item\">Nota: Antes de usar el dispositivo Verifique si las bater\u00edas est\u00e1n colocadas correctamente y si est\u00e1n cargadas o no<\/span><\/li>\n<\/ul>\n","protected":false},"featured_media":984,"template":"","meta":[],"_links":{"self":[{"href":"https:\/\/icon-spirits.com\/iconpartner\/wp-json\/wp\/v2\/product\/931"}],"collection":[{"href":"https:\/\/icon-spirits.com\/iconpartner\/wp-json\/wp\/v2\/product"}],"about":[{"href":"https:\/\/icon-spirits.com\/iconpartner\/wp-json\/wp\/v2\/types\/product"}],"wp:featuredmedia":[{"embeddable":true,"href":"https:\/\/icon-spirits.com\/iconpartner\/wp-json\/wp\/v2\/media\/984"}],"wp:attachment":[{"href":"https:\/\/icon-spirits.com\/iconpartner\/wp-json\/wp\/v2\/media?parent=931"}],"curies":[{"name":"wp","href":"https:\/\/api.w.org\/{rel}","templated":true}]}}