{"id":862,"date":"2023-03-02T14:55:48","date_gmt":"2023-03-02T14:55:48","guid":{"rendered":"https:\/\/icon-spirits.com\/iconpartner\/?post_type=product&#038;p=862"},"modified":"2024-10-21T15:03:44","modified_gmt":"2024-10-21T15:03:44","slug":"philips-oneblade-pro-face-body","status":"publish","type":"product","link":"https:\/\/icon-spirits.com\/iconpartner\/producto\/philips-oneblade-pro-face-body\/","title":{"rendered":"Philips OneBlade PRO Face + Body"},"content":{"rendered":"","protected":false},"excerpt":{"rendered":"<ul class=\"a-unordered-list a-vertical a-spacing-mini\">\n<li><span class=\"a-list-item\">Tecnolog\u00eda OneBlade: Philips OneBlade incluye un sistema de doble protecci\u00f3n con cuchillas con revestimiento deslizante y una unidad de corte de movimiento r\u00e1pido (12.000 movimientos por minuto) para un recorte eficaz<\/span><\/li>\n<li><span class=\"a-list-item\">Innovadora cuchilla 360: la cuchilla 360 se puede inclinar en todas las direcciones para ajustarse a las curvas de la cara, lo que permite un contacto constante y un control completo sobre la piel*<\/span><\/li>\n<li><span class=\"a-list-item\">Afeita c\u00f3modamente: el peine-gu\u00eda de afeitado de precisi\u00f3n ofrece 14 posiciones de longitud de 0,4 a 10 mm, lo que te proporciona un corte uniforme exactamente a la longitud que desees<\/span><\/li>\n<li><span class=\"a-list-item\">F\u00e1cil montaje: afeita las zonas sensibles con facilidad, coloca el protector para la piel para obtener una capa adicional de protecci\u00f3n o usa el peine-gu\u00eda para el cuerpo de f\u00e1cil montaje para un recorte f\u00e1cil en cualquier direcci\u00f3n<\/span><\/li>\n<li><span class=\"a-list-item\">Seco y h\u00famedo: OneBlade es resistente al agua. Por eso, podr\u00e1s afeitarte en seco y en h\u00famedo. Con una bater\u00eda recargable y una pantalla LED digital, puedes afeitarte donde y cuando quieras.<\/span><\/li>\n<\/ul>\n","protected":false},"featured_media":863,"template":"","meta":[],"_links":{"self":[{"href":"https:\/\/icon-spirits.com\/iconpartner\/wp-json\/wp\/v2\/product\/862"}],"collection":[{"href":"https:\/\/icon-spirits.com\/iconpartner\/wp-json\/wp\/v2\/product"}],"about":[{"href":"https:\/\/icon-spirits.com\/iconpartner\/wp-json\/wp\/v2\/types\/product"}],"wp:featuredmedia":[{"embeddable":true,"href":"https:\/\/icon-spirits.com\/iconpartner\/wp-json\/wp\/v2\/media\/863"}],"wp:attachment":[{"href":"https:\/\/icon-spirits.com\/iconpartner\/wp-json\/wp\/v2\/media?parent=862"}],"curies":[{"name":"wp","href":"https:\/\/api.w.org\/{rel}","templated":true}]}}