{"id":769,"date":"2022-11-04T10:12:29","date_gmt":"2022-11-04T10:12:29","guid":{"rendered":"https:\/\/icon-spirits.com\/iconpartner\/?post_type=product&#038;p=769"},"modified":"2024-11-21T16:51:53","modified_gmt":"2024-11-21T16:51:53","slug":"nintendo-switch-oled-neon","status":"publish","type":"product","link":"https:\/\/icon-spirits.com\/iconpartner\/producto\/nintendo-switch-oled-neon\/","title":{"rendered":"Nintendo Switch OLED Ne\u00f3n"},"content":{"rendered":"<div id=\"featurebullets_feature_div\" class=\"celwidget\" data-feature-name=\"featurebullets\" data-csa-c-id=\"azksfh-3dkivz-3ve06z-mmgssw\" data-cel-widget=\"featurebullets_feature_div\">\n<div id=\"feature-bullets\" class=\"a-section a-spacing-medium a-spacing-top-small\">\n<ul class=\"a-unordered-list a-vertical a-spacing-mini\">\n<li><span class=\"a-list-item\">Nintendo Switch (modelo OLED) (rojo ne\u00f3n\/azul ne\u00f3n), compuesta por un mando Joy-Con rojo ne\u00f3n y otro azul ne\u00f3n, cuerpo negro y base negra. <\/span><\/li>\n<li><span class=\"a-list-item\">Modo televisor: la consola Nintendo Switch (modelo OLED) se encaja en la base para jugar en el televisor. El puerto LAN integrado ofrece otra forma de conectarse a internet en el modo televisor. <\/span><\/li>\n<li><span class=\"a-list-item\">Modo sobremesa: se abre el soporte de la parte posterior y se utiliza la pantalla de la consola para disfrutar como nunca de partidas multijugador con los dos mandos Joy-Con incluidos. El soporte ancho ajustable aporta m\u00e1s estabilidad y permite inclinar la consola en un \u00e1ngulo mayor para ver mejor la pantalla. <\/span><\/li>\n<li><span class=\"a-list-item\">Modo port\u00e1til: los usuarios pueden llevarse la consola donde quieran y jugar con varios amigos de manera local o en l\u00ednea. La pantalla OLED de 7 pulgadas ofrece colores m\u00e1s intensos y un alto contraste de imagen. Es posible que se requieran accesorios, juegos y\/o consolas adicionales (a la venta por separado) para el modo multijugador. Se requiere conexi\u00f3n a internet durante el juego en l\u00ednea. <\/span><\/li>\n<\/ul>\n<\/div>\n<\/div>\n","protected":false},"excerpt":{"rendered":"<p>Nintendo Switch (modelo OLED) (rojo ne\u00f3n\/azul ne\u00f3n), compuesta por un mando Joy-Con rojo ne\u00f3n y otro azul ne\u00f3n, cuerpo negro y base negra. Modo televisor: la consola Nintendo Switch (modelo OLED) se encaja en la base para jugar en el televisor. El puerto LAN integrado ofrece otra forma de conectarse a internet en el modo&hellip; <a class=\"more-link\" href=\"https:\/\/icon-spirits.com\/iconpartner\/producto\/nintendo-switch-oled-neon\/\">Seguir leyendo <span class=\"screen-reader-text\">Nintendo Switch OLED Ne\u00f3n<\/span><\/a><\/p>\n","protected":false},"featured_media":877,"template":"","meta":[],"_links":{"self":[{"href":"https:\/\/icon-spirits.com\/iconpartner\/wp-json\/wp\/v2\/product\/769"}],"collection":[{"href":"https:\/\/icon-spirits.com\/iconpartner\/wp-json\/wp\/v2\/product"}],"about":[{"href":"https:\/\/icon-spirits.com\/iconpartner\/wp-json\/wp\/v2\/types\/product"}],"wp:featuredmedia":[{"embeddable":true,"href":"https:\/\/icon-spirits.com\/iconpartner\/wp-json\/wp\/v2\/media\/877"}],"wp:attachment":[{"href":"https:\/\/icon-spirits.com\/iconpartner\/wp-json\/wp\/v2\/media?parent=769"}],"curies":[{"name":"wp","href":"https:\/\/api.w.org\/{rel}","templated":true}]}}