{"id":751,"date":"2022-10-12T11:23:04","date_gmt":"2022-10-12T11:23:04","guid":{"rendered":"https:\/\/icon-spirits.com\/iconpartner\/?post_type=product&#038;p=751"},"modified":"2023-12-12T09:03:31","modified_gmt":"2023-12-12T09:03:31","slug":"airpods-pro-max","status":"publish","type":"product","link":"https:\/\/icon-spirits.com\/iconpartner\/producto\/airpods-pro-max\/","title":{"rendered":"AirPods Pro Max"},"content":{"rendered":"<ul class=\"a-unordered-list a-vertical a-spacing-mini\">\n<li><span class=\"a-list-item\">Transductor din\u00e1mico dise\u00f1ado por Apple que ofrece un sonido de alta fidelidad <\/span><\/li>\n<li><span class=\"a-list-item\">Cancelaci\u00f3n activa de ruido que filtra el sonido externo y te permite sumergirte en la m\u00fasica <\/span><\/li>\n<li><span class=\"a-list-item\">Sonido envolvente, como en el cine <\/span><\/li>\n<li><span class=\"a-list-item\">Prestaciones destacadas <\/span><\/li>\n<li><span class=\"a-list-item\">Modo de sonido ambiente para escuchar lo que te rodea <\/span><\/li>\n<li><span class=\"a-list-item\">Compatibilidad modelos de iPhone: iPhone 6s &#8211; iPhone 13 \/ 13 mini \/ 13 Pro \/ 13 Pro Max <\/span><\/li>\n<li><span class=\"a-list-item\">Compatibilidad modelos de iPad: iPad Pro de 12,9 pulgadas (1.\u00aa, 2.\u00aa, 3.\u00aa y 4.\u00aa generaci\u00f3n); iPad Pro de 11 pulgadas (1.\u00aa y 2.\u00aa generaci\u00f3n); iPad Pro de 10,5 pulgadas; iPad Pro de 9,7 pulgadas; iPad (5.\u00aa, 6.\u00aa, 7.\u00aa y 8.\u00aa generaci\u00f3n); iPad Air (4.\u00aa generaci\u00f3n) iPad Air (2\u00aa y 3.\u00aa generaci\u00f3n); iPad mini (4.\u00aa y 5.\u00aa generaci\u00f3n) <\/span><\/li>\n<li><span class=\"a-list-item\">Compatibilidad modelos de Apple Watch: Apple Watch Series 7, Apple Watch Series 6; Apple Watch SE; Apple Watch Series 5; Apple Watch Series 4; Apple Watch Series 3; Apple Watch Series 2; Apple Watch Series 1<\/span><\/li>\n<li><span class=\"a-list-item\">Compatibilidad MacBook: M2 MacBook Air, M1 MacBook Air, MacBook (Retina de 12 pulgadas, principios de 2015\u20112017); MacBook Air (11 pulgadas, mediados de 2012-principios de 2015); MacBook Air (13 pulgadas, mediados de 2012\u20132017); MacBook Air (Retina de 13 pulgadas, 2018-2020); M2 MacBook Pro, M1 MacBook Pro, MacBook Pro (Retina de 13 pulgadas, finales de 2012\u2011principios de 2015); MacBook Pro (Retina de 15 pulgadas, mediados de 2012-mediados de 2015); MacBook Pro (13 pulgadas, mediados de 2012-2020); MacBook Pro (15 pulgadas, mediados de 2012-2019); MacBook Pro (13 pulgadas, 2020, dos puertos); MacBook Pro (13 pulgadas, 2020, cuatro puertos); MacBook Pro (16 pulgadas, 2019)<\/span><\/li>\n<li><span class=\"a-list-item\">Compatibilidad modelos de Mac: iMac (21,5 pulgadas, finales de 2012-2017); iMac (27 pulgadas, finales de 2012-finales de 2013); iMac (Retina 4K de 21,5 pulgadas, finales de 2015-2019); iMac (Retina 5K de 27 pulgadas, finales de 2014-2020); iMac Pro (2017); Mac mini (finales de 2012-finales de 2018); Mac mini (M1, 2020); Mac Pro (finales de 2013-2019)<\/span><\/li>\n<\/ul>\n<div class=\"a-row a-expander-container a-expander-inline-container\">\n<div class=\"a-expander-content a-expander-extend-content a-expander-content-expanded\" aria-expanded=\"true\"><\/div>\n<\/div>\n","protected":false},"excerpt":{"rendered":"<p>Transductor din\u00e1mico dise\u00f1ado por Apple que ofrece un sonido de alta fidelidad Cancelaci\u00f3n activa de ruido que filtra el sonido externo y te permite sumergirte en la m\u00fasica Sonido envolvente, como en el cine Prestaciones destacadas Modo de sonido ambiente para escuchar lo que te rodea Compatibilidad modelos de iPhone: iPhone 6s &#8211; iPhone 13&hellip; <a class=\"more-link\" href=\"https:\/\/icon-spirits.com\/iconpartner\/producto\/airpods-pro-max\/\">Seguir leyendo <span class=\"screen-reader-text\">AirPods Pro Max<\/span><\/a><\/p>\n","protected":false},"featured_media":752,"template":"","meta":[],"_links":{"self":[{"href":"https:\/\/icon-spirits.com\/iconpartner\/wp-json\/wp\/v2\/product\/751"}],"collection":[{"href":"https:\/\/icon-spirits.com\/iconpartner\/wp-json\/wp\/v2\/product"}],"about":[{"href":"https:\/\/icon-spirits.com\/iconpartner\/wp-json\/wp\/v2\/types\/product"}],"wp:featuredmedia":[{"embeddable":true,"href":"https:\/\/icon-spirits.com\/iconpartner\/wp-json\/wp\/v2\/media\/752"}],"wp:attachment":[{"href":"https:\/\/icon-spirits.com\/iconpartner\/wp-json\/wp\/v2\/media?parent=751"}],"curies":[{"name":"wp","href":"https:\/\/api.w.org\/{rel}","templated":true}]}}