{"id":714,"date":"2022-08-26T14:20:27","date_gmt":"2022-08-26T14:20:27","guid":{"rendered":"https:\/\/icon-spirits.com\/iconpartner\/?post_type=product&#038;p=714"},"modified":"2024-09-09T11:30:25","modified_gmt":"2024-09-09T11:30:25","slug":"apple-pencil","status":"publish","type":"product","link":"https:\/\/icon-spirits.com\/iconpartner\/producto\/apple-pencil\/","title":{"rendered":"Apple Pencil 2"},"content":{"rendered":"<ul class=\"a-unordered-list a-vertical a-spacing-mini\">\n<li><span class=\"a-list-item\">Intuitivo, preciso, casi m\u00e1gico: con el nuevo apple pencil, tomar notas, escribir y dibujar te gustar\u00e1 m\u00e1s que nunca <\/span><\/li>\n<li><span class=\"a-list-item\">Adem\u00e1s, se acopla magn\u00e9ticamente al ipad pro y se carga sin cables para que puedas usarlo siempre que lo necesites <\/span><\/li>\n<li><span class=\"a-list-item\">Y puedes cambiar de herramienta simplemente con un doble toque <\/span><\/li>\n<li><span class=\"a-list-item\">Conexiones: Bluetooth <\/span><\/li>\n<li><span class=\"a-list-item\">Compatibilidad: iPad Pro de 12,9 pulgadas (3.a, 4.a y 5.a generaci\u00f3n), iPad Pro de 11 pulgadas (1.a, 2.a y 3.a generaci\u00f3n), iPad Air (4.a generaci\u00f3n)<\/span><\/li>\n<\/ul>\n","protected":false},"excerpt":{"rendered":"<p>Intuitivo, preciso, casi m\u00e1gico: con el nuevo apple pencil, tomar notas, escribir y dibujar te gustar\u00e1 m\u00e1s que nunca Adem\u00e1s, se acopla magn\u00e9ticamente al ipad pro y se carga sin cables para que puedas usarlo siempre que lo necesites Y puedes cambiar de herramienta simplemente con un doble toque Conexiones: Bluetooth Compatibilidad: iPad Pro de&hellip; <a class=\"more-link\" href=\"https:\/\/icon-spirits.com\/iconpartner\/producto\/apple-pencil\/\">Seguir leyendo <span class=\"screen-reader-text\">Apple Pencil 2<\/span><\/a><\/p>\n","protected":false},"featured_media":715,"template":"","meta":[],"_links":{"self":[{"href":"https:\/\/icon-spirits.com\/iconpartner\/wp-json\/wp\/v2\/product\/714"}],"collection":[{"href":"https:\/\/icon-spirits.com\/iconpartner\/wp-json\/wp\/v2\/product"}],"about":[{"href":"https:\/\/icon-spirits.com\/iconpartner\/wp-json\/wp\/v2\/types\/product"}],"wp:featuredmedia":[{"embeddable":true,"href":"https:\/\/icon-spirits.com\/iconpartner\/wp-json\/wp\/v2\/media\/715"}],"wp:attachment":[{"href":"https:\/\/icon-spirits.com\/iconpartner\/wp-json\/wp\/v2\/media?parent=714"}],"curies":[{"name":"wp","href":"https:\/\/api.w.org\/{rel}","templated":true}]}}