{"id":709,"date":"2022-08-26T14:10:28","date_gmt":"2022-08-26T14:10:28","guid":{"rendered":"https:\/\/icon-spirits.com\/iconpartner\/?post_type=product&#038;p=709"},"modified":"2024-09-23T14:50:47","modified_gmt":"2024-09-23T14:50:47","slug":"ipad-pro-space-gray-256gb-funda-teclado","status":"publish","type":"product","link":"https:\/\/icon-spirits.com\/iconpartner\/producto\/ipad-pro-space-gray-256gb-funda-teclado\/","title":{"rendered":"iPad Pro Space Gray 256GB"},"content":{"rendered":"<p><span class=\"a-list-item\">Chip M1 de Apple que lleva el rendimiento a otro nivel<\/span><\/p>\n<p><span class=\"a-list-item\">Sistema de c\u00e1mara TrueDepth con ultra gran angular frontal y Encuadre Centrado<\/span><\/p>\n<p><span class=\"a-list-item\">Pantalla Liquid Retina de 12,9 pulgadas con tecnolog\u00eda ProMotion, True Tone y gama crom\u00e1tica amplia (P3)<\/span><\/p>\n<p><span class=\"a-list-item\">Gran angular de 12 Mpx, ultra gran angular de 10 Mpx y esc\u00e1ner LiDAR para sumergirte en la realidad aumentada<\/span><\/p>\n<p><span class=\"a-list-item\">Conexi\u00f3n 5G para descargas ultrarr\u00e1pidas y streaming en alta calidad<\/span><\/p>\n<p><span class=\"a-list-item\">Conexi\u00f3n wifi supers\u00f3nica de sexta generaci\u00f3n<\/span><\/p>\n<p><span class=\"a-list-item\">Autonom\u00eda para un d\u00eda entero<\/span><\/p>\n<div class=\"a-row a-expander-container a-expander-inline-container\" aria-live=\"polite\">\n<div class=\"a-expander-content a-expander-extend-content a-expander-content-expanded\" aria-expanded=\"true\">\n<p><span class=\"a-list-item\">Puerto Thunderbolt\/USB 4 para conectar monitores, bases Dock y discos externos de alta velocidad<\/span><\/p>\n<p><span class=\"a-list-item\">Face ID para autenticarse de forma segura y usar Apple Pay<\/span><\/p>\n<p><span class=\"a-list-item\">Cuatro altavoces y cinco micr\u00f3fonos con calidad de estudio<\/span><\/p>\n<\/div>\n<\/div>\n","protected":false},"excerpt":{"rendered":"<p>Chip M1 de Apple que lleva el rendimiento a otro nivel Sistema de c\u00e1mara TrueDepth con ultra gran angular frontal y Encuadre Centrado Pantalla Liquid Retina de 12,9 pulgadas con tecnolog\u00eda ProMotion, True Tone y gama crom\u00e1tica amplia (P3) Gran angular de 12 Mpx, ultra gran angular de 10 Mpx y esc\u00e1ner LiDAR para sumergirte&hellip; <a class=\"more-link\" href=\"https:\/\/icon-spirits.com\/iconpartner\/producto\/ipad-pro-space-gray-256gb-funda-teclado\/\">Seguir leyendo <span class=\"screen-reader-text\">iPad Pro Space Gray 256GB<\/span><\/a><\/p>\n","protected":false},"featured_media":1046,"template":"","meta":[],"_links":{"self":[{"href":"https:\/\/icon-spirits.com\/iconpartner\/wp-json\/wp\/v2\/product\/709"}],"collection":[{"href":"https:\/\/icon-spirits.com\/iconpartner\/wp-json\/wp\/v2\/product"}],"about":[{"href":"https:\/\/icon-spirits.com\/iconpartner\/wp-json\/wp\/v2\/types\/product"}],"wp:featuredmedia":[{"embeddable":true,"href":"https:\/\/icon-spirits.com\/iconpartner\/wp-json\/wp\/v2\/media\/1046"}],"wp:attachment":[{"href":"https:\/\/icon-spirits.com\/iconpartner\/wp-json\/wp\/v2\/media?parent=709"}],"curies":[{"name":"wp","href":"https:\/\/api.w.org\/{rel}","templated":true}]}}