{"id":643,"date":"2022-05-31T19:45:48","date_gmt":"2022-05-31T19:45:48","guid":{"rendered":"https:\/\/icon-spirits.com\/iconpartner\/?post_type=product&#038;p=643"},"modified":"2024-10-03T10:11:00","modified_gmt":"2024-10-03T10:11:00","slug":"apple-magsafe-battery-pack","status":"publish","type":"product","link":"https:\/\/icon-spirits.com\/iconpartner\/producto\/apple-magsafe-battery-pack\/","title":{"rendered":"Apple MagSafe Battery Pack"},"content":{"rendered":"<p><span class=\"a-list-item\">La bater\u00eda MagSafe se puede recargar a\u00fan m\u00e1s r\u00e1pido si la combinas con un cargador de 27 W o superior, como el que se incluye con el MacBook. <\/span><\/p>\n<p><span class=\"a-list-item\">Y si necesitas un cargador inal\u00e1mbrico, solo tienes que conectar el cable Lightning y tendr\u00e1s hasta 15 W de carga inal\u00e1mbrica. <\/span><\/p>\n<p><span class=\"a-list-item\">Adaptador de corriente USB\u2011C de 20 W o superior y cable de USB\u2011C a conector Lightning (se venden por separado) <\/span><\/p>\n<p><span class=\"a-list-item\">Compatibilidad: iPhone 12\/13 Pro Max, iPhone 12\/13 Pro, iPhone 12\/13, iPhone 12\/13 mini<\/span><\/p>\n","protected":false},"excerpt":{"rendered":"<p>La bater\u00eda MagSafe se puede recargar a\u00fan m\u00e1s r\u00e1pido si la combinas con un cargador de 27 W o superior, como el que se incluye con el MacBook. Y si necesitas un cargador inal\u00e1mbrico, solo tienes que conectar el cable Lightning y tendr\u00e1s hasta 15 W de carga inal\u00e1mbrica. Adaptador de corriente USB\u2011C de 20&hellip; <a class=\"more-link\" href=\"https:\/\/icon-spirits.com\/iconpartner\/producto\/apple-magsafe-battery-pack\/\">Seguir leyendo <span class=\"screen-reader-text\">Apple MagSafe Battery Pack<\/span><\/a><\/p>\n","protected":false},"featured_media":644,"template":"","meta":[],"_links":{"self":[{"href":"https:\/\/icon-spirits.com\/iconpartner\/wp-json\/wp\/v2\/product\/643"}],"collection":[{"href":"https:\/\/icon-spirits.com\/iconpartner\/wp-json\/wp\/v2\/product"}],"about":[{"href":"https:\/\/icon-spirits.com\/iconpartner\/wp-json\/wp\/v2\/types\/product"}],"wp:featuredmedia":[{"embeddable":true,"href":"https:\/\/icon-spirits.com\/iconpartner\/wp-json\/wp\/v2\/media\/644"}],"wp:attachment":[{"href":"https:\/\/icon-spirits.com\/iconpartner\/wp-json\/wp\/v2\/media?parent=643"}],"curies":[{"name":"wp","href":"https:\/\/api.w.org\/{rel}","templated":true}]}}