{"id":641,"date":"2022-05-31T19:43:04","date_gmt":"2022-05-31T19:43:04","guid":{"rendered":"https:\/\/icon-spirits.com\/iconpartner\/?post_type=product&#038;p=641"},"modified":"2024-12-16T12:28:14","modified_gmt":"2024-12-16T12:28:14","slug":"apple-airtag","status":"publish","type":"product","link":"https:\/\/icon-spirits.com\/iconpartner\/producto\/apple-airtag\/","title":{"rendered":"Apple AirTag"},"content":{"rendered":"<p><span class=\"a-list-item\">Localiza tus cosas con la app Buscar, la misma que usas para encontrar a tus amigos y dispositivos <\/span><\/p>\n<p><span class=\"a-list-item\">Para configurar el AirTag, solo tienes con conectarlo al iPhone o al iPad con un toque <\/span><\/p>\n<p><span class=\"a-list-item\">Haz que suene el altavoz integrado para encontrar tus objetos opide ayuda a Siri <\/span><\/p>\n<p><span class=\"a-list-item\">B\u00fasqueda de Precisi\u00f3n te lleva hasta tu AirTag cuando est\u00e1 cerca gracias a la tecnolog\u00eda de banda ultra ancha integrada (con algunos modelos de iPhone) <\/span><\/p>\n<p><span class=\"a-list-item\">Si tus cosas est\u00e1n lejos, encu\u00e9ntralas con la ayuda de millones de dispositivos Apple de la red Buscar<\/span><\/p>\n","protected":false},"excerpt":{"rendered":"<p>Localiza tus cosas con la app Buscar, la misma que usas para encontrar a tus amigos y dispositivos Para configurar el AirTag, solo tienes con conectarlo al iPhone o al iPad con un toque Haz que suene el altavoz integrado para encontrar tus objetos opide ayuda a Siri B\u00fasqueda de Precisi\u00f3n te lleva hasta tu&hellip; <a class=\"more-link\" href=\"https:\/\/icon-spirits.com\/iconpartner\/producto\/apple-airtag\/\">Seguir leyendo <span class=\"screen-reader-text\">Apple AirTag<\/span><\/a><\/p>\n","protected":false},"featured_media":642,"template":"","meta":[],"_links":{"self":[{"href":"https:\/\/icon-spirits.com\/iconpartner\/wp-json\/wp\/v2\/product\/641"}],"collection":[{"href":"https:\/\/icon-spirits.com\/iconpartner\/wp-json\/wp\/v2\/product"}],"about":[{"href":"https:\/\/icon-spirits.com\/iconpartner\/wp-json\/wp\/v2\/types\/product"}],"wp:featuredmedia":[{"embeddable":true,"href":"https:\/\/icon-spirits.com\/iconpartner\/wp-json\/wp\/v2\/media\/642"}],"wp:attachment":[{"href":"https:\/\/icon-spirits.com\/iconpartner\/wp-json\/wp\/v2\/media?parent=641"}],"curies":[{"name":"wp","href":"https:\/\/api.w.org\/{rel}","templated":true}]}}