{"id":509,"date":"2022-02-10T16:23:57","date_gmt":"2022-02-10T16:23:57","guid":{"rendered":"https:\/\/icon-spirits.com\/iconpartner\/?post_type=product&#038;p=509"},"modified":"2022-11-04T09:55:42","modified_gmt":"2022-11-04T09:55:42","slug":"cena-para-2-personas-en-salvaje","status":"publish","type":"product","link":"https:\/\/icon-spirits.com\/iconpartner\/producto\/cena-para-2-personas-en-salvaje\/","title":{"rendered":"Cena Salvaje (2 personas)"},"content":{"rendered":"<p>Men\u00fa Shika &#8211; Maestro Dobel<\/p>\n<p>Edamame picante glaseado<br \/>\nDinamita<br \/>\nSpicy Salmon Roll<br \/>\nTiradito At\u00fan<br \/>\nDumping setas trufadas<br \/>\nWok arroz frito con verduras<br \/>\nPata de cordero<\/p>\n<p>Degustaci\u00f3n de postres<\/p>\n<p>Maridaje:<br \/>\nMargarita Salvaje Maestro Dobel<br \/>\nShot Maestro Dobel<\/p>\n","protected":false},"excerpt":{"rendered":"<p><strong><em>Hoy celebramos\u2026 \u00a1NADA! No necesitamos ning\u00fan motivo para celebrar un encuentro con alg\u00fan familiar, amigo o pareja\u2026<\/em><\/strong><\/p>\n<p><strong><em>\u00a1Ven a disfrutar de una velada \u00fanica e insuperable en tu Salvaje favorito con tu persona favorita!<\/em><\/strong><\/p>\n<p>Disponibilidad: Barcelona, Canalejas Madrid, Moraleja Madrid y Valencia.<br \/>\nIndicar en los comentarios del pedido: d\u00eda, hora y ubicaci\u00f3n. Nos pondremos en contacto con vosotros para confirmaci\u00f3n.<\/p>\n","protected":false},"featured_media":516,"template":"","meta":[],"_links":{"self":[{"href":"https:\/\/icon-spirits.com\/iconpartner\/wp-json\/wp\/v2\/product\/509"}],"collection":[{"href":"https:\/\/icon-spirits.com\/iconpartner\/wp-json\/wp\/v2\/product"}],"about":[{"href":"https:\/\/icon-spirits.com\/iconpartner\/wp-json\/wp\/v2\/types\/product"}],"wp:featuredmedia":[{"embeddable":true,"href":"https:\/\/icon-spirits.com\/iconpartner\/wp-json\/wp\/v2\/media\/516"}],"wp:attachment":[{"href":"https:\/\/icon-spirits.com\/iconpartner\/wp-json\/wp\/v2\/media?parent=509"}],"curies":[{"name":"wp","href":"https:\/\/api.w.org\/{rel}","templated":true}]}}