{"id":485,"date":"2021-11-26T15:17:02","date_gmt":"2021-11-26T15:17:02","guid":{"rendered":"https:\/\/icon-spirits.com\/iconpartner\/?post_type=product&#038;p=485"},"modified":"2024-09-23T14:50:54","modified_gmt":"2024-09-23T14:50:54","slug":"fire-tv-stick-amazon","status":"publish","type":"product","link":"https:\/\/icon-spirits.com\/iconpartner\/producto\/fire-tv-stick-amazon\/","title":{"rendered":"Fire TV Stick Amazon"},"content":{"rendered":"<ul class=\"a-unordered-list a-vertical a-spacing-mini\">\n<li><span class=\"a-list-item\">Nuestro Fire TV Stick m\u00e1s potente: al ser un 40 % m\u00e1s potente que el Fire TV Stick 4K, las apps se inician m\u00e1s r\u00e1pido y la navegaci\u00f3n es m\u00e1s fluida.<\/span><\/li>\n<li><span class=\"a-list-item\">Compatible con Wi-Fi 6 de \u00faltima generaci\u00f3n: disfruta de la reproducci\u00f3n de contenido en streaming 4K m\u00e1s fluida en varios dispositivos Wi-Fi 6.<\/span><\/li>\n<li><span class=\"a-list-item\">Disfruta como en el cine: im\u00e1genes vibrantes en calidad Ultra HD 4K, compatible con Dolby Vision, HDR, HDR10+ y audio inmersivo Dolby Atmos.<\/span><\/li>\n<li><span class=\"a-list-item\">Entretenimiento sin l\u00edmites: ve miles de pel\u00edculas y series con Netflix, YouTube, Prime Video, Disney+, DAZN, Atresplayer, Mitele y m\u00e1s, y escucha millones de canciones. Pueden aplicarse cargos de suscripci\u00f3n.<\/span><\/li>\n<li><span class=\"a-list-item\">Televisi\u00f3n en directo y gratuita: ve televisi\u00f3n en directo, noticias y deportes con suscripciones a Atresplayer, RTVE Play, Movistar+ y m\u00e1s. Ve contenido gratuito con RTVE Play, Atresplayer, YouTube y m\u00e1s.<\/span><\/li>\n<li><span class=\"a-list-item\">Mando por voz Alexa: busca y lanza contenido con la voz. Encuentra tus apps favoritas r\u00e1pidamente con los botones predeterminados. Controla el encendido, el apagado y el volumen del televisor con un solo mando.<\/span><\/li>\n<li><span class=\"a-list-item\">Lleva tu Hogar digital al siguiente nivel: ve las im\u00e1genes de la c\u00e1mara de la puerta principal sin salir de la serie que est\u00e1s viendo con la funci\u00f3n de V\u00eddeo en directo minimizada. Preg\u00fantale a Alexa qu\u00e9 tiempo hace o p\u00eddele que aten\u00fae las luces.<\/span><\/li>\n<\/ul>\n","protected":false},"excerpt":{"rendered":"<p>Nuestro Fire TV Stick m\u00e1s potente: al ser un 40 % m\u00e1s potente que el Fire TV Stick 4K, las apps se inician m\u00e1s r\u00e1pido y la navegaci\u00f3n es m\u00e1s fluida. Compatible con Wi-Fi 6 de \u00faltima generaci\u00f3n: disfruta de la reproducci\u00f3n de contenido en streaming 4K m\u00e1s fluida en varios dispositivos Wi-Fi 6. Disfruta&hellip; <a class=\"more-link\" href=\"https:\/\/icon-spirits.com\/iconpartner\/producto\/fire-tv-stick-amazon\/\">Seguir leyendo <span class=\"screen-reader-text\">Fire TV Stick Amazon<\/span><\/a><\/p>\n","protected":false},"featured_media":487,"template":"","meta":[],"_links":{"self":[{"href":"https:\/\/icon-spirits.com\/iconpartner\/wp-json\/wp\/v2\/product\/485"}],"collection":[{"href":"https:\/\/icon-spirits.com\/iconpartner\/wp-json\/wp\/v2\/product"}],"about":[{"href":"https:\/\/icon-spirits.com\/iconpartner\/wp-json\/wp\/v2\/types\/product"}],"wp:featuredmedia":[{"embeddable":true,"href":"https:\/\/icon-spirits.com\/iconpartner\/wp-json\/wp\/v2\/media\/487"}],"wp:attachment":[{"href":"https:\/\/icon-spirits.com\/iconpartner\/wp-json\/wp\/v2\/media?parent=485"}],"curies":[{"name":"wp","href":"https:\/\/api.w.org\/{rel}","templated":true}]}}