{"id":483,"date":"2021-11-26T15:11:41","date_gmt":"2021-11-26T15:11:41","guid":{"rendered":"https:\/\/icon-spirits.com\/iconpartner\/?post_type=product&#038;p=483"},"modified":"2024-09-12T14:46:04","modified_gmt":"2024-09-12T14:46:04","slug":"alexa-echo-4-a-generacion","status":"publish","type":"product","link":"https:\/\/icon-spirits.com\/iconpartner\/producto\/alexa-echo-4-a-generacion\/","title":{"rendered":"Alexo Echo Show 8 3.\u00aa generaci\u00f3n"},"content":{"rendered":"<ul class=\"a-unordered-list a-vertical a-spacing-mini\">\n<li class=\"a-spacing-mini\"><span class=\"a-list-item\">MEJOR POR DENTRO Y POR FUERA: Sum\u00e9rgete en tu contenido con el audio espacial inmersivo y la pantalla t\u00e1ctil HD de 8&#8243;. Gracias a la c\u00e1mara de 13 MP y al audio de gran calidad, podr\u00e1s hacer videollamadas m\u00e1s n\u00edtidas. Adem\u00e1s, tu casa estar\u00e1 m\u00e1s conectada que nunca con el controlador de Hogar digital integrado.<\/span><\/li>\n<li class=\"a-spacing-mini\"><span class=\"a-list-item\">IM\u00c1GENES VIBRANTES Y SONIDO POTENTE: El contenido de Prime Video, Netflix y m\u00e1s cobra vida gracias a la pantalla de alta definici\u00f3n y al audio espacial envolvente. Adem\u00e1s, puedes pedirle a Alexa que reproduzca m\u00fasica en streaming con Amazon Music, Apple Music o Spotify. Se requiere una suscripci\u00f3n para el uso de algunos de estos servicios.<\/span><\/li>\n<li class=\"a-spacing-mini\"><span class=\"a-list-item\">TU HOGAR DIGITAL, SIMPLIFICADO: Vincula y controla dispositivos compatibles con Zigbee, Matter y Thread sin necesidad de un controlador de Hogar digital independiente. Gestiona tus c\u00e1maras, luces y m\u00e1s interactuando con la pantalla o usando la voz, o activa rutinas por detecci\u00f3n de movimiento. Tambi\u00e9n se puede conectar con dispositivos compatibles por Bluetooth y wifi.<\/span><\/li>\n<li class=\"a-spacing-mini\"><span class=\"a-list-item\">MANT\u00c9N EL CONTACTO: Haz videollamadas con tan solo ped\u00edrselo a Alexa o utiliza el nuevo widget de Conexiones principales para llamar con un solo toque a quienes tengan la app Alexa o un dispositivo Echo con pantalla. Tambi\u00e9n te permite saber si tus amigos y familiares m\u00e1s cercanos est\u00e1n disponibles para hablar. Adem\u00e1s, podr\u00e1s mantener conversaciones m\u00e1s naturales con la c\u00e1mara central con encuadre autom\u00e1tico y la tecnolog\u00eda de reducci\u00f3n de ruido.<\/span><\/li>\n<li class=\"a-spacing-mini\"><span class=\"a-list-item\">COMPARTE LOS BUENOS MOMENTOS: Amazon Photos convierte la pantalla de inicio de tu Echo en un marco digital con tus recuerdos favoritos y el ajuste adaptativo del color optimiza su aspecto bajo cualquier luz.<\/span><\/li>\n<li class=\"a-spacing-mini\"><span class=\"a-list-item\">HAZ MENOS PARA LOGRAR M\u00c1S: Usa la voz para programar temporizadores y actualizar listas. Consulta tus calendarios y recordatorios de un vistazo. Y gracias al contenido adaptativo, disfruta de contenido m\u00e1s relevante y \u00fatil cuando est\u00e9s cerca del dispositivo.<\/span><\/li>\n<li class=\"a-spacing-mini\"><span class=\"a-list-item\">DISE\u00d1ADO CON LA SOSTENIBILIDAD EN MENTE: El dispositivo est\u00e1 hecho de materiales reciclados al 29 %. El 99 % del embalaje de este dispositivo est\u00e1 hecho a base de fibra de madera y procede de bosques gestionados responsablemente o materiales reciclados.<\/span><\/li>\n<li class=\"a-spacing-mini\"><span class=\"a-list-item\">DISE\u00d1ADO PARA PROTEGER TU PRIVACIDAD: Fabricado con m\u00faltiples capas de control de la privacidad, incluido un bot\u00f3n que desconecta los micr\u00f3fonos y la c\u00e1mara, as\u00ed como una cubierta incorporada para la c\u00e1mara.<\/span><\/li>\n<\/ul>\n","protected":false},"excerpt":{"rendered":"<p>MEJOR POR DENTRO Y POR FUERA: Sum\u00e9rgete en tu contenido con el audio espacial inmersivo y la pantalla t\u00e1ctil HD de 8&#8243;. Gracias a la c\u00e1mara de 13 MP y al audio de gran calidad, podr\u00e1s hacer videollamadas m\u00e1s n\u00edtidas. Adem\u00e1s, tu casa estar\u00e1 m\u00e1s conectada que nunca con el controlador de Hogar digital integrado.&hellip; <a class=\"more-link\" href=\"https:\/\/icon-spirits.com\/iconpartner\/producto\/alexa-echo-4-a-generacion\/\">Seguir leyendo <span class=\"screen-reader-text\">Alexo Echo Show 8 3.\u00aa generaci\u00f3n<\/span><\/a><\/p>\n","protected":false},"featured_media":1057,"template":"","meta":[],"_links":{"self":[{"href":"https:\/\/icon-spirits.com\/iconpartner\/wp-json\/wp\/v2\/product\/483"}],"collection":[{"href":"https:\/\/icon-spirits.com\/iconpartner\/wp-json\/wp\/v2\/product"}],"about":[{"href":"https:\/\/icon-spirits.com\/iconpartner\/wp-json\/wp\/v2\/types\/product"}],"wp:featuredmedia":[{"embeddable":true,"href":"https:\/\/icon-spirits.com\/iconpartner\/wp-json\/wp\/v2\/media\/1057"}],"wp:attachment":[{"href":"https:\/\/icon-spirits.com\/iconpartner\/wp-json\/wp\/v2\/media?parent=483"}],"curies":[{"name":"wp","href":"https:\/\/api.w.org\/{rel}","templated":true}]}}