{"id":480,"date":"2021-11-26T15:01:54","date_gmt":"2021-11-26T15:01:54","guid":{"rendered":"https:\/\/icon-spirits.com\/iconpartner\/?post_type=product&#038;p=480"},"modified":"2024-09-23T14:51:14","modified_gmt":"2024-09-23T14:51:14","slug":"apple-watch-series-3-gps-38mm","status":"publish","type":"product","link":"https:\/\/icon-spirits.com\/iconpartner\/producto\/apple-watch-series-3-gps-38mm\/","title":{"rendered":"Apple Watch Series 9 Midnight (GPS, 45mm)"},"content":{"rendered":"<ul class=\"a-unordered-list a-vertical a-spacing-mini\">\n<li class=\"a-spacing-mini\"><span class=\"a-list-item\">POR QU\u00c9 APPLE WATCH SERIES 9 \u2014 El reloj perfecto para llevar una vida sana ahora es m\u00e1s potente que nunca. Gracias al chip S9, la pantalla es superbrillante y puedes interactuar de forma m\u00e1gica con el Apple Watch sin tocarlo. Sus avanzadas prestaciones de salud, seguridad y actividad f\u00edsica te dan informaci\u00f3n \u00fatil y te prestan ayuda cuando m\u00e1s lo necesitas. Y con las apps redise\u00f1adas de watchOS podr\u00e1s consultar muchos m\u00e1s datos de un vistazo.<\/span><\/li>\n<li class=\"a-spacing-mini\"><span class=\"a-list-item\">NEUTRO EN CARBONO \u2014 La combinaci\u00f3n del Apple Watch Series 9 con la \u00faltima correa Loop deportiva es neutra en carbono. Inf\u00f3rmate sobre el compromiso de Apple con el medio ambiente en apple.com\/es\/2030.<\/span><\/li>\n<li class=\"a-spacing-mini\"><span class=\"a-list-item\">PRESTACIONES DE SALUD AVANZADAS \u2014 Mide tu ox\u00edgeno en sangre y consulta el tiempo que pasas en las fases de sue\u00f1o REM, esencial y profundo.<\/span><\/li>\n<li class=\"a-spacing-mini\"><span class=\"a-list-item\">EL MEJOR COMPA\u00d1ERO DE FITNESS \u2014 La app Entreno ofrece un mont\u00f3n de formas de hacer ejercicio y las m\u00e9tricas avanzadas te dan m\u00e1s informaci\u00f3n sobre tu progreso. Adem\u00e1s el Apple Watch viene con tres meses gratis de Apple Fitness+.<\/span><\/li>\n<li class=\"a-spacing-mini\"><span class=\"a-list-item\">PRESTACIONES DE SEGURIDAD INNOVADORAS \u2014 La detecci\u00f3n de ca\u00eddas y la detecci\u00f3n de accidentes llaman a los servicios de emergencia si sufres una ca\u00edda brusca o un accidente de coche grave. Y Emergencia SOS te permite solicitar ayuda con solo pulsar un bot\u00f3n.<\/span><\/li>\n<li class=\"a-spacing-mini\"><span class=\"a-list-item\">COMPATIBILIDAD TOTAL \u2014 Se entiende a la perfecci\u00f3n con todos los dispositivos y servicios Apple. Desbloquea el Mac autom\u00e1ticamente, mira la ubicaci\u00f3n y distancia aproximada de tu iPhone con B\u00fasqueda de Precisi\u00f3n si tienes un modelo compatible y paga con Apple Pay. El Apple Watch Series 9 requiere un iPhone Xs o posterior con iOS 17 o posterior.<\/span><\/li>\n<li class=\"a-spacing-mini\"><span class=\"a-list-item\">PERSONALIZACI\u00d3N SENCILLA \u2014Tienes una gran variedad de modelos, materiales y colores para elegir, y esferas elegantes y pr\u00e1cticas con complicaciones personalizadas para que cambies de estilo seg\u00fan la ocasi\u00f3n.<\/span><\/li>\n<\/ul>\n<div class=\"a-row a-expander-container a-expander-inline-container\">\n<div class=\"a-expander-content a-expander-extend-content a-expander-content-expanded\" aria-expanded=\"true\">\n<ul class=\"a-unordered-list a-vertical a-spacing-none\">\n<li class=\"a-spacing-mini\"><span class=\"a-list-item\">RESISTENCIA INCRE\u00cdBLE \u2014 Duro como \u00e9l solo. Es resistente a los golpes, el polvo (certificaci\u00f3n IP6X) y el agua hasta 50 metros, as\u00ed que es apto para nadar.<\/span><\/li>\n<li class=\"a-spacing-mini\"><span class=\"a-list-item\">CONECTA CON TU MUNDO \u2014 Env\u00eda mensajes, contesta llamadas, escucha m\u00fasica y podcasts, usa Siri y recibe notificaciones est\u00e9s donde est\u00e9s. El Apple Watch Series 9 (GPS) funciona con tu iPhone o una red wifi para mantenerte en contacto con todo lo que te importa.<\/span><\/li>\n<\/ul>\n<\/div>\n<\/div>\n","protected":false},"excerpt":{"rendered":"<p>POR QU\u00c9 APPLE WATCH SERIES 9 \u2014 El reloj perfecto para llevar una vida sana ahora es m\u00e1s potente que nunca. Gracias al chip S9, la pantalla es superbrillante y puedes interactuar de forma m\u00e1gica con el Apple Watch sin tocarlo. Sus avanzadas prestaciones de salud, seguridad y actividad f\u00edsica te dan informaci\u00f3n \u00fatil y&hellip; <a class=\"more-link\" href=\"https:\/\/icon-spirits.com\/iconpartner\/producto\/apple-watch-series-3-gps-38mm\/\">Seguir leyendo <span class=\"screen-reader-text\">Apple Watch Series 9 Midnight (GPS, 45mm)<\/span><\/a><\/p>\n","protected":false},"featured_media":1058,"template":"","meta":[],"_links":{"self":[{"href":"https:\/\/icon-spirits.com\/iconpartner\/wp-json\/wp\/v2\/product\/480"}],"collection":[{"href":"https:\/\/icon-spirits.com\/iconpartner\/wp-json\/wp\/v2\/product"}],"about":[{"href":"https:\/\/icon-spirits.com\/iconpartner\/wp-json\/wp\/v2\/types\/product"}],"wp:featuredmedia":[{"embeddable":true,"href":"https:\/\/icon-spirits.com\/iconpartner\/wp-json\/wp\/v2\/media\/1058"}],"wp:attachment":[{"href":"https:\/\/icon-spirits.com\/iconpartner\/wp-json\/wp\/v2\/media?parent=480"}],"curies":[{"name":"wp","href":"https:\/\/api.w.org\/{rel}","templated":true}]}}