{"id":475,"date":"2021-11-21T12:43:32","date_gmt":"2021-11-21T12:43:32","guid":{"rendered":"https:\/\/icon-spirits.com\/iconpartner\/?post_type=product&#038;p=475"},"modified":"2023-07-06T16:25:20","modified_gmt":"2023-07-06T16:25:20","slug":"xiaomi-mi-electric-scooter-pro-2","status":"publish","type":"product","link":"https:\/\/icon-spirits.com\/iconpartner\/producto\/xiaomi-mi-electric-scooter-pro-2\/","title":{"rendered":"Xiaomi Mi Electric Scooter Pro 2"},"content":{"rendered":"<p><span class=\"a-list-item\">Regulador de velocidad sofisticado y sistema de recuperaci\u00f3n de energ\u00eda cin\u00e9tica (KERS) El KERS recupera la energ\u00eda cin\u00e9tica de un veh\u00edculo en movimiento durante un frenado de larga duraci\u00f3n. El sistema de regulaci\u00f3n de velocidad ayuda a mantener una velocidad constante fijada por el conductor para evitar golpes relacionados con las aceleraciones.<\/span><\/p>\n<p><span class=\"a-list-item\">Doble sistema de frenado equipado con un sistema de frenado regenerativo y disco en la rueda trasera, un sistema E-ABS en la rueda delantera.<\/span><\/p>\n<p><span class=\"a-list-item\">Las bater\u00edas de alta calidad garantizan una distancia de uso de hasta 45 km Cuarenta celdas de iones de litio de 18650 ofrecen un total de 474Wh. Sistema de gesti\u00f3n de bater\u00edas inteligente (BMS).<\/span><\/p>\n<p><span class=\"a-list-item\">Neum\u00e1ticos antideslizantes y amortiguadores Los neum\u00e1ticos de 8,5 pulgadas absorben eficazmente los golpes y evitan el deslizamiento. El motor de corriente continua sin escobillas de 300 W permite que el patinete conduzca con facilidad y comodidad.<\/span><\/p>\n","protected":false},"excerpt":{"rendered":"<p>Regulador de velocidad sofisticado y sistema de recuperaci\u00f3n de energ\u00eda cin\u00e9tica (KERS) El KERS recupera la energ\u00eda cin\u00e9tica de un veh\u00edculo en movimiento durante un frenado de larga duraci\u00f3n. El sistema de regulaci\u00f3n de velocidad ayuda a mantener una velocidad constante fijada por el conductor para evitar golpes relacionados con las aceleraciones. Doble sistema de&hellip; <a class=\"more-link\" href=\"https:\/\/icon-spirits.com\/iconpartner\/producto\/xiaomi-mi-electric-scooter-pro-2\/\">Seguir leyendo <span class=\"screen-reader-text\">Xiaomi Mi Electric Scooter Pro 2<\/span><\/a><\/p>\n","protected":false},"featured_media":476,"template":"","meta":[],"_links":{"self":[{"href":"https:\/\/icon-spirits.com\/iconpartner\/wp-json\/wp\/v2\/product\/475"}],"collection":[{"href":"https:\/\/icon-spirits.com\/iconpartner\/wp-json\/wp\/v2\/product"}],"about":[{"href":"https:\/\/icon-spirits.com\/iconpartner\/wp-json\/wp\/v2\/types\/product"}],"wp:featuredmedia":[{"embeddable":true,"href":"https:\/\/icon-spirits.com\/iconpartner\/wp-json\/wp\/v2\/media\/476"}],"wp:attachment":[{"href":"https:\/\/icon-spirits.com\/iconpartner\/wp-json\/wp\/v2\/media?parent=475"}],"curies":[{"name":"wp","href":"https:\/\/api.w.org\/{rel}","templated":true}]}}