{"id":1101,"date":"2023-12-14T11:21:51","date_gmt":"2023-12-14T11:21:51","guid":{"rendered":"https:\/\/icon-spirits.com\/iconpartner\/?post_type=product&#038;p=1101"},"modified":"2024-09-18T11:43:17","modified_gmt":"2024-09-18T11:43:17","slug":"drone-red-eye-4k","status":"publish","type":"product","link":"https:\/\/icon-spirits.com\/iconpartner\/producto\/drone-red-eye-4k\/","title":{"rendered":"Drone Red Eye 4K"},"content":{"rendered":"<p>Nuestro IJ-RED EYE 4K Drone es el producto m\u00e1s evolucionado de nuestra l\u00ednea de drones, consta de una c\u00e1mara integrada que te permite grabar en 4K con una duraci\u00f3n de 20 minutos de bater\u00eda y se sincroniza con una app desde la cual podr\u00e1s ver el enfoque de la c\u00e1mara a trav\u00e9s del tel\u00e9fono. Un dise\u00f1o futurista combinado con materiales de calidad que ser\u00e1 el mejor testigo de tu aventuras. Al ser un dron tan ligero podr\u00e1s volar en n\u00facleos urbanos y por encima de personas, siempre que no te encuentres en un \u00e1rea restringida al vuelo y que no superes los 20m de altura, al estar nuestro IJ-RED EYE 4K por debajo del l\u00edmite de 250gr que marca la legislaci\u00f3n actual. Resoluci\u00f3n m\u00e1xima 4k super HD de 4096 x 2160p, c\u00e1maras duales, flujo \u00f3ptico, modo de retenci\u00f3n de altitud para hacer el vuelo m\u00e1s estable, tecnolog\u00eda de giroscopio de 6 ejes, estable y resistente al viento Control de 3 velocidades baja, media, alta velocidad, funci\u00f3n de 4 v\u00edas funci\u00f3n arriba, abajo, izquierda, derecha y adelante, atr\u00e1s, lado izquierdo, lado derecho, funci\u00f3n de vuelo y vuelco Tiempo de vuelo 20 minutos distancia del controlador 50 metros distancia de transmisi\u00f3n inal\u00e1mbrica 60 metros tipo de carga USBtiempo de carga s aproximadamente 60 minutos 2 Bater\u00edas de iones de litio de 3,7 v, 1800 mAh. Mando de control: 3aa pilas no incluidas<\/p>\n","protected":false},"excerpt":{"rendered":"<p>Nuestro IJ-RED EYE 4K Drone es el producto m\u00e1s evolucionado de nuestra l\u00ednea de drones, consta de una c\u00e1mara integrada que te permite grabar en 4K con una duraci\u00f3n de 20 minutos de bater\u00eda y se sincroniza con una app desde la cual podr\u00e1s ver el enfoque de la c\u00e1mara a trav\u00e9s del tel\u00e9fono. Un&hellip; <a class=\"more-link\" href=\"https:\/\/icon-spirits.com\/iconpartner\/producto\/drone-red-eye-4k\/\">Seguir leyendo <span class=\"screen-reader-text\">Drone Red Eye 4K<\/span><\/a><\/p>\n","protected":false},"featured_media":1102,"template":"","meta":[],"_links":{"self":[{"href":"https:\/\/icon-spirits.com\/iconpartner\/wp-json\/wp\/v2\/product\/1101"}],"collection":[{"href":"https:\/\/icon-spirits.com\/iconpartner\/wp-json\/wp\/v2\/product"}],"about":[{"href":"https:\/\/icon-spirits.com\/iconpartner\/wp-json\/wp\/v2\/types\/product"}],"wp:featuredmedia":[{"embeddable":true,"href":"https:\/\/icon-spirits.com\/iconpartner\/wp-json\/wp\/v2\/media\/1102"}],"wp:attachment":[{"href":"https:\/\/icon-spirits.com\/iconpartner\/wp-json\/wp\/v2\/media?parent=1101"}],"curies":[{"name":"wp","href":"https:\/\/api.w.org\/{rel}","templated":true}]}}