{"id":1099,"date":"2023-12-14T11:19:37","date_gmt":"2023-12-14T11:19:37","guid":{"rendered":"https:\/\/icon-spirits.com\/iconpartner\/?post_type=product&#038;p=1099"},"modified":"2024-09-23T14:51:36","modified_gmt":"2024-09-23T14:51:36","slug":"wonderbox-velocidad-o-tranquilidad","status":"publish","type":"product","link":"https:\/\/icon-spirits.com\/iconpartner\/producto\/wonderbox-velocidad-o-tranquilidad\/","title":{"rendered":"WonderBox \u00bfVelocidad o tranquilidad?"},"content":{"rendered":"<p>\u00bfTienes ganas de retar a un amigo? \u00bfQuieres poner a prueba sus l\u00edmites? Wonderbox ha creado el cofre \u00abreto\u00bb: pensado para superarse con una amplia selecci\u00f3n de actividades extremas o disfrutar de una experiencia m\u00e1s tranquila. M\u00e1xima velocidad conduciendo un F\u00f3rmula 3, viviendo una sensaci\u00f3n total de libertad en globo, volando en un helic\u00f3ptero, saltando de un avi\u00f3n a 4000 metros de altura, sintiendo el rugido del motor de un Lamborghini Gallardo&#8230; O la m\u00e1xima tranquilidad disfrutando de un hotel de 5* en plena naturaleza, descansando en un balneario al borde del mar, despertando en una habitaci\u00f3n con terraza en un hotel de dise\u00f1o&#8230; \u00a1Que empiece el reto!<\/p>\n","protected":false},"excerpt":{"rendered":"<p>\u00bfTienes ganas de retar a un amigo? \u00bfQuieres poner a prueba sus l\u00edmites? Wonderbox ha creado el cofre \u00abreto\u00bb: pensado para superarse con una amplia selecci\u00f3n de actividades extremas o disfrutar de una experiencia m\u00e1s tranquila. M\u00e1xima velocidad conduciendo un F\u00f3rmula 3, viviendo una sensaci\u00f3n total de libertad en globo, volando en un helic\u00f3ptero, saltando&hellip; <a class=\"more-link\" href=\"https:\/\/icon-spirits.com\/iconpartner\/producto\/wonderbox-velocidad-o-tranquilidad\/\">Seguir leyendo <span class=\"screen-reader-text\">WonderBox \u00bfVelocidad o tranquilidad?<\/span><\/a><\/p>\n","protected":false},"featured_media":1100,"template":"","meta":[],"_links":{"self":[{"href":"https:\/\/icon-spirits.com\/iconpartner\/wp-json\/wp\/v2\/product\/1099"}],"collection":[{"href":"https:\/\/icon-spirits.com\/iconpartner\/wp-json\/wp\/v2\/product"}],"about":[{"href":"https:\/\/icon-spirits.com\/iconpartner\/wp-json\/wp\/v2\/types\/product"}],"wp:featuredmedia":[{"embeddable":true,"href":"https:\/\/icon-spirits.com\/iconpartner\/wp-json\/wp\/v2\/media\/1100"}],"wp:attachment":[{"href":"https:\/\/icon-spirits.com\/iconpartner\/wp-json\/wp\/v2\/media?parent=1099"}],"curies":[{"name":"wp","href":"https:\/\/api.w.org\/{rel}","templated":true}]}}