{"id":1097,"date":"2023-12-14T11:14:34","date_gmt":"2023-12-14T11:14:34","guid":{"rendered":"https:\/\/icon-spirits.com\/iconpartner\/?post_type=product&#038;p=1097"},"modified":"2023-12-14T11:15:12","modified_gmt":"2023-12-14T11:15:12","slug":"gafas-de-realidad-virtual","status":"publish","type":"product","link":"https:\/\/icon-spirits.com\/iconpartner\/producto\/gafas-de-realidad-virtual\/","title":{"rendered":"Gafas de realidad virtual"},"content":{"rendered":"<p>Meta Quest 2 es un sistema todo en uno que te da la libertad que necesitas para disfrutar al m\u00e1ximo de la realidad virtual sin cables que limiten tu experiencia*. Un procesador ultrarr\u00e1pido y una pantalla de alta resoluci\u00f3n contribuyen a que tu experiencia sea fluida y sin interrupciones, incluso cuando la acci\u00f3n a gran velocidad transcurre en torno a ti.<\/p>\n<h3 class=\"sc-f1f881c4-0 fvgesu\">Crea comunidades y viaja con la realidad virtual<\/h3>\n<p>El audio posicional 3D, el seguimiento de las manos y la retroalimentaci\u00f3n h\u00e1ptica hacen que los mundos virtuales parezcan reales. La bater\u00eda incorporada te permite explorar m\u00e1s durante m\u00e1s tiempo mientras descubres una\u00a0<b>creciente biblioteca con m\u00e1s de 350 t\u00edtulos de juegos y aplicaciones sociales\/multijugador, de fitness y entretenimiento<\/b>. Los incre\u00edbles espacios sociales y escenarios multijugador te permiten conocer, jugar y crear comunidades con gente de todo el mundo. Viaja por universos fant\u00e1sticos de gran \u00e9xito cinematogr\u00e1fico, as\u00fastate con aventuras de terror o colabora con tus colegas en espacios de trabajo innovadores. Si\u00e9ntate en primera fila con tus amigos y familiares en pel\u00edculas y eventos en directo, encuentra tus nuevos compa\u00f1eros de entrenamiento o \u00fanete a misiones con otros aventureros. Adem\u00e1s, puedes acceder a\u00a0<b>m\u00e1s de 1000 t\u00edtulos de la biblioteca Quest conectando tus gafas de realidad virtual a un ordenador compatible con juegos<\/b>\u00a0(el PC y el cable se venden por separado).<\/p>\n<h3 class=\"sc-f1f881c4-0 fvgesu\">Compatible con televisores<\/h3>\n<p>Deja que tus amigos y familiares entren en tu mundo de realidad virtual proyectando tu experiencia en\u00a0<b>televisores y otras pantallas compatibles<\/b>. Y puedes llevar tus Meta Quest 2, ligeras y port\u00e1tiles, a cualquier lugar del mundo real.<\/p>\n","protected":false},"excerpt":{"rendered":"<p>Meta Quest 2 es un sistema todo en uno que te da la libertad que necesitas para disfrutar al m\u00e1ximo de la realidad virtual sin cables que limiten tu experiencia*. Un procesador ultrarr\u00e1pido y una pantalla de alta resoluci\u00f3n contribuyen a que tu experiencia sea fluida y sin interrupciones, incluso cuando la acci\u00f3n a gran&hellip; <a class=\"more-link\" href=\"https:\/\/icon-spirits.com\/iconpartner\/producto\/gafas-de-realidad-virtual\/\">Seguir leyendo <span class=\"screen-reader-text\">Gafas de realidad virtual<\/span><\/a><\/p>\n","protected":false},"featured_media":1098,"template":"","meta":[],"_links":{"self":[{"href":"https:\/\/icon-spirits.com\/iconpartner\/wp-json\/wp\/v2\/product\/1097"}],"collection":[{"href":"https:\/\/icon-spirits.com\/iconpartner\/wp-json\/wp\/v2\/product"}],"about":[{"href":"https:\/\/icon-spirits.com\/iconpartner\/wp-json\/wp\/v2\/types\/product"}],"wp:featuredmedia":[{"embeddable":true,"href":"https:\/\/icon-spirits.com\/iconpartner\/wp-json\/wp\/v2\/media\/1098"}],"wp:attachment":[{"href":"https:\/\/icon-spirits.com\/iconpartner\/wp-json\/wp\/v2\/media?parent=1097"}],"curies":[{"name":"wp","href":"https:\/\/api.w.org\/{rel}","templated":true}]}}