{"id":1062,"date":"2023-11-06T17:27:45","date_gmt":"2023-11-06T17:27:45","guid":{"rendered":"https:\/\/icon-spirits.com\/iconpartner\/?post_type=product&#038;p=1062"},"modified":"2024-09-23T14:51:56","modified_gmt":"2024-09-23T14:51:56","slug":"apple-homepod","status":"publish","type":"product","link":"https:\/\/icon-spirits.com\/iconpartner\/producto\/apple-homepod\/","title":{"rendered":"APPLE HomePod"},"content":{"rendered":"","protected":false},"excerpt":{"rendered":"<h3 class=\"sc-f1f881c4-0 fvgesu\">Sonido de alta fidelidad. Te entra por un o\u00eddo y ya no querr\u00e1s que salga<\/h3>\n<p>El HomePod es un ca\u00f1\u00f3n de altavoz.\u00a0<b>Apple ha dise\u00f1ado una tecnolog\u00eda de audio y software avanzado<\/b>\u00a0que te ofrecen un sonido inmersivo de alta fidelidad en cualquier rinc\u00f3n de la habitaci\u00f3n. Como se adapta de forma inteligente a lo que escuchas y al entorno, te sumergir\u00e1s en un sonido envolvente de otro mundo. Ya lo anunciaba el maestro: los tiempos est\u00e1n cambiando.<\/p>\n<h3 class=\"sc-f1f881c4-0 fvgesu\">Tu habitaci\u00f3n no suena. Late<\/h3>\n<p>El altavoz de graves de alta excursi\u00f3n del HomePod reproduce\u00a0<b>un sonido con una profundidad y una definici\u00f3n incre\u00edbles<\/b>. Su diafragma se mueve 20 mm gracias a su potente motor. Y el micr\u00f3fono con ecualizaci\u00f3n de graves afina las frecuencias bajas en tiempo real. Deja que te llegue. Deja que te toque.<\/p>\n<h3 class=\"sc-f1f881c4-0 fvgesu\">Saca las notas m\u00e1s altas<\/h3>\n<p>Los\u00a0<b>cinco altavoces de agudos con tecnolog\u00eda beamforming<\/b>\u00a0situados en la base del HomePod ajustan las frecuencias altas para que las escuches con claridad y aprecies todos sus matices. Las voces y los instrumentos suenan tan bien que es como si tu grupo favorito estuviera tocando solo para ti.<\/p>\n<h3 class=\"sc-f1f881c4-0 fvgesu\">Un abrazo de sonido<\/h3>\n<p>El HomePod consigue que hasta la sala m\u00e1s peque\u00f1a suene como un auditorio. Los altavoces de agudos con tecnolog\u00eda beamforming dirigen al centro de la habitaci\u00f3n el sonido principal, como la voz solista, y hacen que el sonido ambiente, como el acompa\u00f1amiento musical, rebote de las paredes. \u00bfEl resultado? Una experiencia completamente inmersiva. Para rematar,\u00a0<b>gracias al audio espacial, sentir\u00e1s que la m\u00fasica, m\u00e1s que envolverte<\/b>, te abraza.*<\/p>\n<h3 class=\"sc-f1f881c4-0 fvgesu\">Optimiza la ac\u00fastica en tiempo real<\/h3>\n<p>Detr\u00e1s del audio computacional avanzado del HomePod est\u00e1 el chip de Apple. A trav\u00e9s de la informaci\u00f3n que le proporciona un nuevo sensor,\u00a0<b>el chip usa modelos de ajuste complejos en tiempo real<\/b>\u00a0para mantener el rango din\u00e1mico y ofrecer una ac\u00fastica inmejorable.<\/p>\n<h3 class=\"sc-f1f881c4-0 fvgesu\">Te tiene tomada la medida<\/h3>\n<p>Gracias al sensor de espacio y a los micr\u00f3fonos integrados,\u00a0<b>el HomePod sabe qu\u00e9 lugar ocupa en la habitaci\u00f3n y c\u00f3mo se refleja el sonido en las superficies<\/b>. As\u00ed puede ajustarlo para que todo se escuche de maravilla lo pongas donde lo pongas.<\/p>\n<h3 class=\"sc-f1f881c4-0 fvgesu\">\u00bfM\u00e1s de cien millones de canciones? Suena de miedo<\/h3>\n<p><b>El HomePod est\u00e1 dise\u00f1ado para sacarle el m\u00e1ximo partido a Apple Music<\/b>.* Su misi\u00f3n es que disfrutes de tus artistas, canciones y g\u00e9neros favoritos con una calidad de otra galaxia desde la comodidad de tu casa. Como este servicio te da acceso instant\u00e1neo a uno de los cat\u00e1logos m\u00e1s extensos del mundo, podr\u00e1s montarte un festival de m\u00fasica cuando te lo pida el cuerpo.<\/p>\n","protected":false},"featured_media":1063,"template":"","meta":[],"_links":{"self":[{"href":"https:\/\/icon-spirits.com\/iconpartner\/wp-json\/wp\/v2\/product\/1062"}],"collection":[{"href":"https:\/\/icon-spirits.com\/iconpartner\/wp-json\/wp\/v2\/product"}],"about":[{"href":"https:\/\/icon-spirits.com\/iconpartner\/wp-json\/wp\/v2\/types\/product"}],"wp:featuredmedia":[{"embeddable":true,"href":"https:\/\/icon-spirits.com\/iconpartner\/wp-json\/wp\/v2\/media\/1063"}],"wp:attachment":[{"href":"https:\/\/icon-spirits.com\/iconpartner\/wp-json\/wp\/v2\/media?parent=1062"}],"curies":[{"name":"wp","href":"https:\/\/api.w.org\/{rel}","templated":true}]}}