{"id":1060,"date":"2023-11-06T17:24:52","date_gmt":"2023-11-06T17:24:52","guid":{"rendered":"https:\/\/icon-spirits.com\/iconpartner\/?post_type=product&#038;p=1060"},"modified":"2023-11-06T17:24:53","modified_gmt":"2023-11-06T17:24:53","slug":"beats-studio-pro","status":"publish","type":"product","link":"https:\/\/icon-spirits.com\/iconpartner\/producto\/beats-studio-pro\/","title":{"rendered":"Beats Studio Pro"},"content":{"rendered":"<ul class=\"a-unordered-list a-vertical a-spacing-mini\">\n<li class=\"a-spacing-mini\"><span class=\"a-list-item\">La plataforma ac\u00fastica personalizada de Beats ofrece un sonido detallado y envolvente tanto al escuchar m\u00fasica como al recibir llamadas.<\/span><\/li>\n<li class=\"a-spacing-mini\"><span class=\"a-list-item\">USB-C para disfrutar de audio sin p\u00e9rdida y tres perfiles de sonido integrados que mejoran la experiencia de escucha<\/span><\/li>\n<li class=\"a-spacing-mini\"><span class=\"a-list-item\">Oye lo que deseas con los dos modos de escucha: Cancelaci\u00f3n Activa del Ruido (ANC) totalmente adaptativa y Modo de Sonido Ambiente<\/span><\/li>\n<li class=\"a-spacing-mini\"><span class=\"a-list-item\">Mejor compatibilidad gracias al enlace con un toque y diversas funciones nativas de Apple y Android<\/span><\/li>\n<li class=\"a-spacing-mini\"><span class=\"a-list-item\">El audio espacial personalizado con seguimiento din\u00e1mico de la cabeza te coloca en el centro de una experiencia de escucha envolvente de 360\u00a0grados<\/span><\/li>\n<li class=\"a-spacing-mini\"><span class=\"a-list-item\">M\u00e1s tiempo de escucha: hasta 40\u00a0horas de autonom\u00eda en total. 10\u00a0minutos de carga con Fast Fuel se convierten en hasta 4\u00a0horas de reproducci\u00f3n adicional.<\/span><\/li>\n<li class=\"a-spacing-mini\"><span class=\"a-list-item\">Alto y claro: unos micr\u00f3fonos centrados en la voz filtran el ruido de fondo de forma precisa para lograr la mayor nitidez en las llamadas<\/span><\/li>\n<\/ul>\n<div class=\"a-row a-expander-container a-expander-inline-container\">\n<div class=\"a-expander-content a-expander-extend-content a-expander-content-expanded\" aria-expanded=\"true\">\n<ul class=\"a-unordered-list a-vertical a-spacing-none\">\n<li class=\"a-spacing-mini\"><span class=\"a-list-item\">Controles en el dispositivo: responde llamadas, controla la m\u00fasica y activa siri con los controles multifunci\u00f3n en el auricular<\/span><\/li>\n<li class=\"a-spacing-mini\"><span class=\"a-list-item\">Conexi\u00f3n inal\u00e1mbrica con m\u00e1s dispositivos mediante un bluetooth de clase\u00a01 l\u00edder del sector para lograr un mayor alcance y menos errores de conexi\u00f3n<\/span><\/li>\n<li class=\"a-spacing-mini\"><span class=\"a-list-item\">Contenido de la caja: auriculares inal\u00e1mbricos Beats Studio Pro, funda de transporte textil, cable de audio de 3,5\u00a0mm, cable de carga USB-C universal, gu\u00eda de inicio r\u00e1pido y tarjeta de garant\u00eda<\/span><\/li>\n<\/ul>\n<\/div>\n<\/div>\n","protected":false},"excerpt":{"rendered":"<p>La plataforma ac\u00fastica personalizada de Beats ofrece un sonido detallado y envolvente tanto al escuchar m\u00fasica como al recibir llamadas. USB-C para disfrutar de audio sin p\u00e9rdida y tres perfiles de sonido integrados que mejoran la experiencia de escucha Oye lo que deseas con los dos modos de escucha: Cancelaci\u00f3n Activa del Ruido (ANC) totalmente&hellip; <a class=\"more-link\" href=\"https:\/\/icon-spirits.com\/iconpartner\/producto\/beats-studio-pro\/\">Seguir leyendo <span class=\"screen-reader-text\">Beats Studio Pro<\/span><\/a><\/p>\n","protected":false},"featured_media":1061,"template":"","meta":[],"_links":{"self":[{"href":"https:\/\/icon-spirits.com\/iconpartner\/wp-json\/wp\/v2\/product\/1060"}],"collection":[{"href":"https:\/\/icon-spirits.com\/iconpartner\/wp-json\/wp\/v2\/product"}],"about":[{"href":"https:\/\/icon-spirits.com\/iconpartner\/wp-json\/wp\/v2\/types\/product"}],"wp:featuredmedia":[{"embeddable":true,"href":"https:\/\/icon-spirits.com\/iconpartner\/wp-json\/wp\/v2\/media\/1061"}],"wp:attachment":[{"href":"https:\/\/icon-spirits.com\/iconpartner\/wp-json\/wp\/v2\/media?parent=1060"}],"curies":[{"name":"wp","href":"https:\/\/api.w.org\/{rel}","templated":true}]}}