{"id":63,"date":"2021-03-09T13:43:30","date_gmt":"2021-03-09T13:43:30","guid":{"rendered":"http:\/\/icon-spirits.com\/iconpartner\/?page_id=63"},"modified":"2021-03-11T13:54:38","modified_gmt":"2021-03-11T13:54:38","slug":"preguntas-frecuentes","status":"publish","type":"page","link":"https:\/\/icon-spirits.com\/iconpartner\/preguntas-frecuentes\/","title":{"rendered":"Preguntas Frecuentes"},"content":{"rendered":"\n<section class=\"page-faq\">\n    \n    <div class=\"faq-drawer\">\n      <input class=\"faq-drawer__trigger\" id=\"faq-drawer\" type=\"checkbox\"><label class=\"faq-drawer__title\" for=\"faq-drawer\">\u00bfC\u00f3mo consigo puntos?<\/label>\n      <div class=\"faq-drawer__content-wrapper\">\n        <div class=\"faq-drawer__content\">\n          <p>\n            Los puntos dependen de la cantidad de tapones que entregues a tu comercial de Icon. Cada tap\u00f3n tiene una valoraci\u00f3n que podr\u00e1s consultar en el apartado \u00abBotellas\u00bb. Cuantos m\u00e1s puntos consigas, mayores premios estar\u00e1n a tu disposici\u00f3n.\n          <\/p>\n        <\/div>\n      <\/div>\n    <\/div>\n    \n    <div class=\"faq-drawer\">\n      <input class=\"faq-drawer__trigger\" id=\"faq-drawer-2\" type=\"checkbox\"><label class=\"faq-drawer__title\" for=\"faq-drawer-2\">\u00bfEn cu\u00e1nto tiempo tendr\u00e9 los puntos disponibles en mi cartera de puntos? <\/label>\n      <div class=\"faq-drawer__content-wrapper\">\n        <div class=\"faq-drawer__content\">\n          <p>\n            Tras la entrega de tapones a tu comercial, en un plazo de 3 a 5 d\u00edas se te asignar\u00e1n los puntos, pudiendo canjearlos por premios instant\u00e1neamente.\n          <\/p>\n        <\/div>\n      <\/div>\n    <\/div>\n    \n    <div class=\"faq-drawer\">\n      <input class=\"faq-drawer__trigger\" id=\"faq-drawer-3\" type=\"checkbox\"><label class=\"faq-drawer__title\" for=\"faq-drawer-3\">\u00bfCuando recibo el producto que he adquirido con mis puntos?<\/label>\n      <div class=\"faq-drawer__content-wrapper\">\n        <div class=\"faq-drawer__content\">\n          <p>\n            En tan solo 72h desde que recibamos tu pedido.          \n          <\/p>\n        <\/div>\n      <\/div>\n    <\/div>\n    \n  <\/section>\n","protected":false},"excerpt":{"rendered":"<p>\u00bfC\u00f3mo consigo puntos? Los puntos dependen de la cantidad de tapones que entregues a tu comercial de Icon. Cada tap\u00f3n tiene una valoraci\u00f3n que podr\u00e1s consultar en el apartado \u00abBotellas\u00bb. Cuantos m\u00e1s puntos consigas, mayores premios estar\u00e1n a tu disposici\u00f3n. \u00bfEn cu\u00e1nto tiempo tendr\u00e9 los puntos disponibles en mi cartera de puntos? Tras la entrega&hellip; <a class=\"more-link\" href=\"https:\/\/icon-spirits.com\/iconpartner\/preguntas-frecuentes\/\">Seguir leyendo <span class=\"screen-reader-text\">Preguntas Frecuentes<\/span><\/a><\/p>\n","protected":false},"author":1,"featured_media":0,"parent":0,"menu_order":0,"comment_status":"closed","ping_status":"closed","template":"","meta":[],"_links":{"self":[{"href":"https:\/\/icon-spirits.com\/iconpartner\/wp-json\/wp\/v2\/pages\/63"}],"collection":[{"href":"https:\/\/icon-spirits.com\/iconpartner\/wp-json\/wp\/v2\/pages"}],"about":[{"href":"https:\/\/icon-spirits.com\/iconpartner\/wp-json\/wp\/v2\/types\/page"}],"author":[{"embeddable":true,"href":"https:\/\/icon-spirits.com\/iconpartner\/wp-json\/wp\/v2\/users\/1"}],"replies":[{"embeddable":true,"href":"https:\/\/icon-spirits.com\/iconpartner\/wp-json\/wp\/v2\/comments?post=63"}],"version-history":[{"count":5,"href":"https:\/\/icon-spirits.com\/iconpartner\/wp-json\/wp\/v2\/pages\/63\/revisions"}],"predecessor-version":[{"id":111,"href":"https:\/\/icon-spirits.com\/iconpartner\/wp-json\/wp\/v2\/pages\/63\/revisions\/111"}],"wp:attachment":[{"href":"https:\/\/icon-spirits.com\/iconpartner\/wp-json\/wp\/v2\/media?parent=63"}],"curies":[{"name":"wp","href":"https:\/\/api.w.org\/{rel}","templated":true}]}}